{"id":12,"date":"2023-02-19T21:31:35","date_gmt":"2023-02-19T20:31:35","guid":{"rendered":"http:\/\/fizjoterapiaslupsk.pl\/?page_id=12"},"modified":"2025-10-17T20:57:50","modified_gmt":"2025-10-17T18:57:50","slug":"o-firmie","status":"publish","type":"page","link":"https:\/\/fizjoterapiaslupsk.pl\/index.php\/o-firmie\/","title":{"rendered":"O mnie"},"content":{"rendered":"\n<p>Witam, mam na imi\u0119 Emilia i jestem <strong>Specjalist\u0105 w dziedzinie Fizjoterapii<\/strong>. <br>Swoj\u0105 przygod\u0119 z fizjoterapi\u0105 zacz\u0119\u0142am 17 lat temu. <br>Jestem absolwentk\u0105 <strong>\u015al\u0105skiego Uniwersytetu Medycznego w Katowicach<\/strong> na kierunku Fizjoterapia (licencjat). Swoj\u0105 wiedz\u0119 na temat fizjoterapii uzupe\u0142nia\u0142am na <strong>Gda\u0144skim Uniwersytecie Medycznym<\/strong> gdzie uzyska\u0142am tytu\u0142 <strong><em>magistra fizjoterapii<\/em><\/strong>. Kolejnym krokiem w moim rozwoju zawodowym by\u0142o uko\u0144czenie specjalizacji w dziedzinie fizjoterapii.<br>W trakcie robienia specjalizacji odby\u0142am kilkana\u015bcie sta\u017cy na r\u00f3\u017cnych oddzia\u0142ach w szpitalach ca\u0142ej Polski, gdzie zg\u0142\u0119bia\u0142am wiedz\u0119 z r\u00f3\u017cnych dziedzin fizjoterapii. Odby\u0142am i przyswoi\u0142am wiedz\u0119 z niezliczonej ilo\u015bci kurs\u00f3w i konferencji.<br>Opublikowa\u0142am dwa artyku\u0142y na \u0142amach najpopularniejszego w Polsce czasopisma o fizjoterapii i rehabilitacji &#8222;<strong>Praktyczna Fizjoterapia i Rehabilitacja<\/strong>&#8222;.<br>Mo\u017cesz je <a href=\"https:\/\/www.praktycznafizjoterapia.pl\/autor\/emilia-malgorzata-olczyk\" target=\"_blank\" rel=\"noreferrer noopener\">tutaj<\/a> zobaczy\u0107 .<br>Ca\u0142y czas zg\u0142\u0119biam i poszerzam swoj\u0105 wiedz\u0119 w zakresie fizjoterapii, aby wykorzystywa\u0107 j\u0105 w jak najlepszym stopniu podczas przywracania pacjent\u00f3w do normalnego funkcjonowania w \u017cyciu codziennym. Dla lepszej i efektywniejszej rehabilitacji najm\u0142odszych pacjent\u00f3w uko\u0144czy\u0142am studia diagnostyki i terapii sensorycznej.<br><\/p>\n","protected":false},"excerpt":{"rendered":"<p>Witam, mam na imi\u0119 Emilia i jestem Specjalist\u0105 w dziedzinie Fizjoterapii. Swoj\u0105 przygod\u0119 z fizjoterapi\u0105 zacz\u0119\u0142am 17 lat temu. Jestem absolwentk\u0105 \u015al\u0105skiego Uniwersytetu Medycznego w Katowicach na kierunku Fizjoterapia (licencjat). Swoj\u0105 wiedz\u0119 na temat fizjoterapii uzupe\u0142nia\u0142am na Gda\u0144skim Uniwersytecie Medycznym gdzie uzyska\u0142am tytu\u0142 magistra fizjoterapii. Kolejnym krokiem w moim rozwoju zawodowym by\u0142o uko\u0144czenie specjalizacji w [&hellip;]<\/p>\n","protected":false},"author":2,"featured_media":0,"parent":0,"menu_order":0,"comment_status":"closed","ping_status":"closed","template":"","meta":{"_seopress_robots_primary_cat":"","_seopress_titles_title":"","_seopress_titles_desc":"","_seopress_robots_index":"","footnotes":""},"class_list":["post-12","page","type-page","status-publish","hentry"],"yoast_head":"<!-- This site is optimized with the Yoast SEO plugin v26.1.1 - https:\/\/yoast.com\/wordpress\/plugins\/seo\/ -->\n<title>O mnie - mgr EMILIA OLCZYK SPECJALISTA FIZJOTERAPII<\/title>\n<meta name=\"robots\" content=\"index, follow, max-snippet:-1, max-image-preview:large, max-video-preview:-1\" \/>\n<link rel=\"canonical\" href=\"https:\/\/fizjoterapiaslupsk.pl\/index.php\/o-firmie\/\" \/>\n<meta property=\"og:locale\" content=\"pl_PL\" \/>\n<meta property=\"og:type\" content=\"article\" \/>\n<meta property=\"og:title\" content=\"O mnie - mgr EMILIA OLCZYK SPECJALISTA FIZJOTERAPII\" \/>\n<meta property=\"og:description\" content=\"Witam, mam na imi\u0119 Emilia i jestem Specjalist\u0105 w dziedzinie Fizjoterapii. Swoj\u0105 przygod\u0119 z fizjoterapi\u0105 zacz\u0119\u0142am 17 lat temu. Jestem absolwentk\u0105 \u015al\u0105skiego Uniwersytetu Medycznego w Katowicach na kierunku Fizjoterapia (licencjat). Swoj\u0105 wiedz\u0119 na temat fizjoterapii uzupe\u0142nia\u0142am na Gda\u0144skim Uniwersytecie Medycznym gdzie uzyska\u0142am tytu\u0142 magistra fizjoterapii. Kolejnym krokiem w moim rozwoju zawodowym by\u0142o uko\u0144czenie specjalizacji w [&hellip;]\" \/>\n<meta property=\"og:url\" content=\"https:\/\/fizjoterapiaslupsk.pl\/index.php\/o-firmie\/\" \/>\n<meta property=\"og:site_name\" content=\"mgr EMILIA OLCZYK SPECJALISTA FIZJOTERAPII\" \/>\n<meta property=\"article:modified_time\" content=\"2025-10-17T18:57:50+00:00\" \/>\n<meta name=\"twitter:card\" content=\"summary_large_image\" \/>\n<meta name=\"twitter:label1\" content=\"Szacowany czas czytania\" \/>\n\t<meta name=\"twitter:data1\" content=\"1 minuta\" \/>\n<script type=\"application\/ld+json\" class=\"yoast-schema-graph\">{\"@context\":\"https:\/\/schema.org\",\"@graph\":[{\"@type\":\"WebPage\",\"@id\":\"https:\/\/fizjoterapiaslupsk.pl\/index.php\/o-firmie\/\",\"url\":\"https:\/\/fizjoterapiaslupsk.pl\/index.php\/o-firmie\/\",\"name\":\"O mnie - mgr EMILIA OLCZYK SPECJALISTA FIZJOTERAPII\",\"isPartOf\":{\"@id\":\"https:\/\/fizjoterapiaslupsk.pl\/#website\"},\"datePublished\":\"2023-02-19T20:31:35+00:00\",\"dateModified\":\"2025-10-17T18:57:50+00:00\",\"breadcrumb\":{\"@id\":\"https:\/\/fizjoterapiaslupsk.pl\/index.php\/o-firmie\/#breadcrumb\"},\"inLanguage\":\"pl-PL\",\"potentialAction\":[{\"@type\":\"ReadAction\",\"target\":[\"https:\/\/fizjoterapiaslupsk.pl\/index.php\/o-firmie\/\"]}]},{\"@type\":\"BreadcrumbList\",\"@id\":\"https:\/\/fizjoterapiaslupsk.pl\/index.php\/o-firmie\/#breadcrumb\",\"itemListElement\":[{\"@type\":\"ListItem\",\"position\":1,\"name\":\"Strona g\u0142\u00f3wna\",\"item\":\"https:\/\/fizjoterapiaslupsk.pl\/\"},{\"@type\":\"ListItem\",\"position\":2,\"name\":\"O mnie\"}]},{\"@type\":\"WebSite\",\"@id\":\"https:\/\/fizjoterapiaslupsk.pl\/#website\",\"url\":\"https:\/\/fizjoterapiaslupsk.pl\/\",\"name\":\"mgr EMILIA OLCZYK SPECJALISTA FIZJOTERAPII\",\"description\":\"FIZJOTERAPIA S\u0141UPSK\",\"potentialAction\":[{\"@type\":\"SearchAction\",\"target\":{\"@type\":\"EntryPoint\",\"urlTemplate\":\"https:\/\/fizjoterapiaslupsk.pl\/?s={search_term_string}\"},\"query-input\":{\"@type\":\"PropertyValueSpecification\",\"valueRequired\":true,\"valueName\":\"search_term_string\"}}],\"inLanguage\":\"pl-PL\"}]}<\/script>\n<!-- \/ Yoast SEO plugin. -->","yoast_head_json":{"title":"O mnie - mgr EMILIA OLCZYK SPECJALISTA FIZJOTERAPII","robots":{"index":"index","follow":"follow","max-snippet":"max-snippet:-1","max-image-preview":"max-image-preview:large","max-video-preview":"max-video-preview:-1"},"canonical":"https:\/\/fizjoterapiaslupsk.pl\/index.php\/o-firmie\/","og_locale":"pl_PL","og_type":"article","og_title":"O mnie - mgr EMILIA OLCZYK SPECJALISTA FIZJOTERAPII","og_description":"Witam, mam na imi\u0119 Emilia i jestem Specjalist\u0105 w dziedzinie Fizjoterapii. Swoj\u0105 przygod\u0119 z fizjoterapi\u0105 zacz\u0119\u0142am 17 lat temu. Jestem absolwentk\u0105 \u015al\u0105skiego Uniwersytetu Medycznego w Katowicach na kierunku Fizjoterapia (licencjat). Swoj\u0105 wiedz\u0119 na temat fizjoterapii uzupe\u0142nia\u0142am na Gda\u0144skim Uniwersytecie Medycznym gdzie uzyska\u0142am tytu\u0142 magistra fizjoterapii. Kolejnym krokiem w moim rozwoju zawodowym by\u0142o uko\u0144czenie specjalizacji w [&hellip;]","og_url":"https:\/\/fizjoterapiaslupsk.pl\/index.php\/o-firmie\/","og_site_name":"mgr EMILIA OLCZYK SPECJALISTA FIZJOTERAPII","article_modified_time":"2025-10-17T18:57:50+00:00","twitter_card":"summary_large_image","twitter_misc":{"Szacowany czas czytania":"1 minuta"},"schema":{"@context":"https:\/\/schema.org","@graph":[{"@type":"WebPage","@id":"https:\/\/fizjoterapiaslupsk.pl\/index.php\/o-firmie\/","url":"https:\/\/fizjoterapiaslupsk.pl\/index.php\/o-firmie\/","name":"O mnie - mgr EMILIA OLCZYK SPECJALISTA FIZJOTERAPII","isPartOf":{"@id":"https:\/\/fizjoterapiaslupsk.pl\/#website"},"datePublished":"2023-02-19T20:31:35+00:00","dateModified":"2025-10-17T18:57:50+00:00","breadcrumb":{"@id":"https:\/\/fizjoterapiaslupsk.pl\/index.php\/o-firmie\/#breadcrumb"},"inLanguage":"pl-PL","potentialAction":[{"@type":"ReadAction","target":["https:\/\/fizjoterapiaslupsk.pl\/index.php\/o-firmie\/"]}]},{"@type":"BreadcrumbList","@id":"https:\/\/fizjoterapiaslupsk.pl\/index.php\/o-firmie\/#breadcrumb","itemListElement":[{"@type":"ListItem","position":1,"name":"Strona g\u0142\u00f3wna","item":"https:\/\/fizjoterapiaslupsk.pl\/"},{"@type":"ListItem","position":2,"name":"O mnie"}]},{"@type":"WebSite","@id":"https:\/\/fizjoterapiaslupsk.pl\/#website","url":"https:\/\/fizjoterapiaslupsk.pl\/","name":"mgr EMILIA OLCZYK SPECJALISTA FIZJOTERAPII","description":"FIZJOTERAPIA S\u0141UPSK","potentialAction":[{"@type":"SearchAction","target":{"@type":"EntryPoint","urlTemplate":"https:\/\/fizjoterapiaslupsk.pl\/?s={search_term_string}"},"query-input":{"@type":"PropertyValueSpecification","valueRequired":true,"valueName":"search_term_string"}}],"inLanguage":"pl-PL"}]}},"_links":{"self":[{"href":"https:\/\/fizjoterapiaslupsk.pl\/index.php\/wp-json\/wp\/v2\/pages\/12","targetHints":{"allow":["GET"]}}],"collection":[{"href":"https:\/\/fizjoterapiaslupsk.pl\/index.php\/wp-json\/wp\/v2\/pages"}],"about":[{"href":"https:\/\/fizjoterapiaslupsk.pl\/index.php\/wp-json\/wp\/v2\/types\/page"}],"author":[{"embeddable":true,"href":"https:\/\/fizjoterapiaslupsk.pl\/index.php\/wp-json\/wp\/v2\/users\/2"}],"replies":[{"embeddable":true,"href":"https:\/\/fizjoterapiaslupsk.pl\/index.php\/wp-json\/wp\/v2\/comments?post=12"}],"version-history":[{"count":18,"href":"https:\/\/fizjoterapiaslupsk.pl\/index.php\/wp-json\/wp\/v2\/pages\/12\/revisions"}],"predecessor-version":[{"id":253,"href":"https:\/\/fizjoterapiaslupsk.pl\/index.php\/wp-json\/wp\/v2\/pages\/12\/revisions\/253"}],"wp:attachment":[{"href":"https:\/\/fizjoterapiaslupsk.pl\/index.php\/wp-json\/wp\/v2\/media?parent=12"}],"curies":[{"name":"wp","href":"https:\/\/api.w.org\/{rel}","templated":true}]}}