{"id":189,"date":"2023-02-08T13:19:58","date_gmt":"2023-02-08T12:19:58","guid":{"rendered":"https:\/\/fizjoterapiaslupsk.pl\/?page_id=189"},"modified":"2023-03-30T21:49:20","modified_gmt":"2023-03-30T19:49:20","slug":"formularz-kontaktowy","status":"publish","type":"page","link":"https:\/\/fizjoterapiaslupsk.pl\/index.php\/formularz-kontaktowy\/","title":{"rendered":"Formularz Kontaktowy"},"content":{"rendered":"<div class=\"wpforms-container wpforms-container-full wpforms-block\" id=\"wpforms-141\"><form id=\"wpforms-form-141\" class=\"wpforms-validate wpforms-form wpforms-ajax-form\" data-formid=\"141\" method=\"post\" enctype=\"multipart\/form-data\" action=\"\/index.php\/wp-json\/wp\/v2\/pages\/189\" data-token=\"b154986cad6e88cf10447441693106e0\" data-token-time=\"1775925903\"><noscript class=\"wpforms-error-noscript\">Aby wype\u0142ni\u0107 ten formularz, w\u0142\u0105cz obs\u0142ug\u0119 JavaScript w przegl\u0105darce.<\/noscript><div class=\"wpforms-field-container\"><div id=\"wpforms-141-field_0-container\" class=\"wpforms-field wpforms-field-name\" data-field-id=\"0\"><label class=\"wpforms-field-label\">Imi\u0119 i Nazwisko <span class=\"wpforms-required-label\">*<\/span><\/label><div class=\"wpforms-field-row wpforms-field-medium\"><div class=\"wpforms-field-row-block wpforms-first wpforms-one-half\"><input type=\"text\" id=\"wpforms-141-field_0\" class=\"wpforms-field-name-first wpforms-field-required\" name=\"wpforms[fields][0][first]\" required><label for=\"wpforms-141-field_0\" class=\"wpforms-field-sublabel after\">Pierwszy<\/label><\/div><div class=\"wpforms-field-row-block wpforms-one-half\"><input type=\"text\" id=\"wpforms-141-field_0-last\" class=\"wpforms-field-name-last wpforms-field-required\" name=\"wpforms[fields][0][last]\" required><label for=\"wpforms-141-field_0-last\" class=\"wpforms-field-sublabel after\">Ostatni<\/label><\/div><\/div><\/div><div id=\"wpforms-141-field_1-container\" class=\"wpforms-field wpforms-field-email\" data-field-id=\"1\"><label class=\"wpforms-field-label\" for=\"wpforms-141-field_1\">Email <span class=\"wpforms-required-label\">*<\/span><\/label><input type=\"email\" id=\"wpforms-141-field_1\" class=\"wpforms-field-medium wpforms-field-required\" name=\"wpforms[fields][1]\" spellcheck=\"false\" required><\/div><div id=\"wpforms-141-field_2-container\" class=\"wpforms-field wpforms-field-textarea\" data-field-id=\"2\"><label class=\"wpforms-field-label\" for=\"wpforms-141-field_2\">Zostaw wiadomo\u015b\u0107<\/label><textarea id=\"wpforms-141-field_2\" class=\"wpforms-field-medium\" name=\"wpforms[fields][2]\" ><\/textarea><\/div><\/div><!-- .wpforms-field-container --><div class=\"wpforms-recaptcha-container wpforms-is-recaptcha wpforms-is-recaptcha-type-v2\" ><div class=\"g-recaptcha\" data-sitekey=\"6Lf4p2IkAAAAAM3jKbkeNRDZGYRPDI9qHHD0iE4s\"><\/div><input type=\"text\" name=\"g-recaptcha-hidden\" class=\"wpforms-recaptcha-hidden\" style=\"position:absolute!important;clip:rect(0,0,0,0)!important;height:1px!important;width:1px!important;border:0!important;overflow:hidden!important;padding:0!important;margin:0!important;\" data-rule-recaptcha=\"1\"><\/div><div class=\"wpforms-submit-container\" ><input type=\"hidden\" name=\"wpforms[id]\" value=\"141\"><input type=\"hidden\" name=\"page_title\" value=\"\"><input type=\"hidden\" name=\"page_url\" value=\"https:\/\/fizjoterapiaslupsk.pl\/index.php\/wp-json\/wp\/v2\/pages\/189\"><input type=\"hidden\" name=\"url_referer\" value=\"\"><button type=\"submit\" name=\"wpforms[submit]\" id=\"wpforms-submit-141\" class=\"wpforms-submit\" data-alt-text=\"Sending...\" data-submit-text=\"Wy\u015blij\" aria-live=\"assertive\" value=\"wpforms-submit\">Wy\u015blij<\/button><img decoding=\"async\" src=\"https:\/\/fizjoterapiaslupsk.pl\/wp-content\/plugins\/wpforms-lite\/assets\/images\/submit-spin.svg\" class=\"wpforms-submit-spinner\" style=\"display: none;\" width=\"26\" height=\"26\" alt=\"Wczytywanie\"><\/div><\/form><\/div>  <!-- .wpforms-container -->","protected":false},"excerpt":{"rendered":"","protected":false},"author":2,"featured_media":0,"parent":0,"menu_order":0,"comment_status":"closed","ping_status":"closed","template":"","meta":{"_seopress_robots_primary_cat":"","_seopress_titles_title":"","_seopress_titles_desc":"Formularz kontaktowy","_seopress_robots_index":"","footnotes":""},"class_list":["post-189","page","type-page","status-publish","hentry"],"yoast_head":"<!-- This site is optimized with the Yoast SEO plugin v26.1.1 - https:\/\/yoast.com\/wordpress\/plugins\/seo\/ -->\n<title>Formularz Kontaktowy - mgr EMILIA OLCZYK SPECJALISTA FIZJOTERAPII<\/title>\n<meta name=\"robots\" content=\"index, follow, max-snippet:-1, max-image-preview:large, max-video-preview:-1\" \/>\n<link rel=\"canonical\" href=\"https:\/\/fizjoterapiaslupsk.pl\/index.php\/formularz-kontaktowy\/\" \/>\n<meta property=\"og:locale\" content=\"pl_PL\" \/>\n<meta property=\"og:type\" content=\"article\" \/>\n<meta property=\"og:title\" content=\"Formularz Kontaktowy - mgr EMILIA OLCZYK SPECJALISTA FIZJOTERAPII\" \/>\n<meta property=\"og:url\" content=\"https:\/\/fizjoterapiaslupsk.pl\/index.php\/formularz-kontaktowy\/\" \/>\n<meta property=\"og:site_name\" content=\"mgr EMILIA OLCZYK SPECJALISTA FIZJOTERAPII\" \/>\n<meta property=\"article:modified_time\" content=\"2023-03-30T19:49:20+00:00\" \/>\n<meta name=\"twitter:card\" content=\"summary_large_image\" \/>\n<script type=\"application\/ld+json\" class=\"yoast-schema-graph\">{\"@context\":\"https:\/\/schema.org\",\"@graph\":[{\"@type\":\"WebPage\",\"@id\":\"https:\/\/fizjoterapiaslupsk.pl\/index.php\/formularz-kontaktowy\/\",\"url\":\"https:\/\/fizjoterapiaslupsk.pl\/index.php\/formularz-kontaktowy\/\",\"name\":\"Formularz Kontaktowy - mgr EMILIA OLCZYK SPECJALISTA FIZJOTERAPII\",\"isPartOf\":{\"@id\":\"https:\/\/fizjoterapiaslupsk.pl\/#website\"},\"datePublished\":\"2023-02-08T12:19:58+00:00\",\"dateModified\":\"2023-03-30T19:49:20+00:00\",\"breadcrumb\":{\"@id\":\"https:\/\/fizjoterapiaslupsk.pl\/index.php\/formularz-kontaktowy\/#breadcrumb\"},\"inLanguage\":\"pl-PL\",\"potentialAction\":[{\"@type\":\"ReadAction\",\"target\":[\"https:\/\/fizjoterapiaslupsk.pl\/index.php\/formularz-kontaktowy\/\"]}]},{\"@type\":\"BreadcrumbList\",\"@id\":\"https:\/\/fizjoterapiaslupsk.pl\/index.php\/formularz-kontaktowy\/#breadcrumb\",\"itemListElement\":[{\"@type\":\"ListItem\",\"position\":1,\"name\":\"Strona g\u0142\u00f3wna\",\"item\":\"https:\/\/fizjoterapiaslupsk.pl\/\"},{\"@type\":\"ListItem\",\"position\":2,\"name\":\"Formularz Kontaktowy\"}]},{\"@type\":\"WebSite\",\"@id\":\"https:\/\/fizjoterapiaslupsk.pl\/#website\",\"url\":\"https:\/\/fizjoterapiaslupsk.pl\/\",\"name\":\"mgr EMILIA OLCZYK SPECJALISTA FIZJOTERAPII\",\"description\":\"FIZJOTERAPIA S\u0141UPSK\",\"potentialAction\":[{\"@type\":\"SearchAction\",\"target\":{\"@type\":\"EntryPoint\",\"urlTemplate\":\"https:\/\/fizjoterapiaslupsk.pl\/?s={search_term_string}\"},\"query-input\":{\"@type\":\"PropertyValueSpecification\",\"valueRequired\":true,\"valueName\":\"search_term_string\"}}],\"inLanguage\":\"pl-PL\"}]}<\/script>\n<!-- \/ Yoast SEO plugin. -->","yoast_head_json":{"title":"Formularz Kontaktowy - mgr EMILIA OLCZYK SPECJALISTA FIZJOTERAPII","robots":{"index":"index","follow":"follow","max-snippet":"max-snippet:-1","max-image-preview":"max-image-preview:large","max-video-preview":"max-video-preview:-1"},"canonical":"https:\/\/fizjoterapiaslupsk.pl\/index.php\/formularz-kontaktowy\/","og_locale":"pl_PL","og_type":"article","og_title":"Formularz Kontaktowy - mgr EMILIA OLCZYK SPECJALISTA FIZJOTERAPII","og_url":"https:\/\/fizjoterapiaslupsk.pl\/index.php\/formularz-kontaktowy\/","og_site_name":"mgr EMILIA OLCZYK SPECJALISTA FIZJOTERAPII","article_modified_time":"2023-03-30T19:49:20+00:00","twitter_card":"summary_large_image","schema":{"@context":"https:\/\/schema.org","@graph":[{"@type":"WebPage","@id":"https:\/\/fizjoterapiaslupsk.pl\/index.php\/formularz-kontaktowy\/","url":"https:\/\/fizjoterapiaslupsk.pl\/index.php\/formularz-kontaktowy\/","name":"Formularz Kontaktowy - mgr EMILIA OLCZYK SPECJALISTA FIZJOTERAPII","isPartOf":{"@id":"https:\/\/fizjoterapiaslupsk.pl\/#website"},"datePublished":"2023-02-08T12:19:58+00:00","dateModified":"2023-03-30T19:49:20+00:00","breadcrumb":{"@id":"https:\/\/fizjoterapiaslupsk.pl\/index.php\/formularz-kontaktowy\/#breadcrumb"},"inLanguage":"pl-PL","potentialAction":[{"@type":"ReadAction","target":["https:\/\/fizjoterapiaslupsk.pl\/index.php\/formularz-kontaktowy\/"]}]},{"@type":"BreadcrumbList","@id":"https:\/\/fizjoterapiaslupsk.pl\/index.php\/formularz-kontaktowy\/#breadcrumb","itemListElement":[{"@type":"ListItem","position":1,"name":"Strona g\u0142\u00f3wna","item":"https:\/\/fizjoterapiaslupsk.pl\/"},{"@type":"ListItem","position":2,"name":"Formularz Kontaktowy"}]},{"@type":"WebSite","@id":"https:\/\/fizjoterapiaslupsk.pl\/#website","url":"https:\/\/fizjoterapiaslupsk.pl\/","name":"mgr EMILIA OLCZYK SPECJALISTA FIZJOTERAPII","description":"FIZJOTERAPIA S\u0141UPSK","potentialAction":[{"@type":"SearchAction","target":{"@type":"EntryPoint","urlTemplate":"https:\/\/fizjoterapiaslupsk.pl\/?s={search_term_string}"},"query-input":{"@type":"PropertyValueSpecification","valueRequired":true,"valueName":"search_term_string"}}],"inLanguage":"pl-PL"}]}},"_links":{"self":[{"href":"https:\/\/fizjoterapiaslupsk.pl\/index.php\/wp-json\/wp\/v2\/pages\/189","targetHints":{"allow":["GET"]}}],"collection":[{"href":"https:\/\/fizjoterapiaslupsk.pl\/index.php\/wp-json\/wp\/v2\/pages"}],"about":[{"href":"https:\/\/fizjoterapiaslupsk.pl\/index.php\/wp-json\/wp\/v2\/types\/page"}],"author":[{"embeddable":true,"href":"https:\/\/fizjoterapiaslupsk.pl\/index.php\/wp-json\/wp\/v2\/users\/2"}],"replies":[{"embeddable":true,"href":"https:\/\/fizjoterapiaslupsk.pl\/index.php\/wp-json\/wp\/v2\/comments?post=189"}],"version-history":[{"count":2,"href":"https:\/\/fizjoterapiaslupsk.pl\/index.php\/wp-json\/wp\/v2\/pages\/189\/revisions"}],"predecessor-version":[{"id":195,"href":"https:\/\/fizjoterapiaslupsk.pl\/index.php\/wp-json\/wp\/v2\/pages\/189\/revisions\/195"}],"wp:attachment":[{"href":"https:\/\/fizjoterapiaslupsk.pl\/index.php\/wp-json\/wp\/v2\/media?parent=189"}],"curies":[{"name":"wp","href":"https:\/\/api.w.org\/{rel}","templated":true}]}}